{"id":608,"date":"2022-11-11T09:55:59","date_gmt":"2022-11-11T09:55:59","guid":{"rendered":"https:\/\/avvocatibarcellona.com\/?page_id=608"},"modified":"2023-02-02T10:47:11","modified_gmt":"2023-02-02T10:47:11","slug":"aviso-legal-2","status":"publish","type":"page","link":"https:\/\/avvocatibarcellona.com\/es\/aviso-legal-2","title":{"rendered":"Aviso legal"},"content":{"rendered":"<div data-elementor-type=\"wp-page\" data-elementor-id=\"608\" class=\"elementor elementor-608\" data-elementor-post-type=\"page\">\n\t\t\t\t\t\t<section class=\"elementor-section elementor-top-section elementor-element elementor-element-ed3833c elementor-section-boxed elementor-section-height-default elementor-section-height-default\" data-id=\"ed3833c\" data-element_type=\"section\" data-settings=\"{&quot;background_background&quot;:&quot;classic&quot;,&quot;motion_fx_motion_fx_scrolling&quot;:&quot;yes&quot;,&quot;motion_fx_devices&quot;:[&quot;desktop&quot;,&quot;tablet&quot;,&quot;mobile&quot;]}\">\n\t\t\t\t\t\t\t<div class=\"elementor-background-overlay\"><\/div>\n\t\t\t\t\t\t\t<div class=\"elementor-container elementor-column-gap-default\">\n\t\t\t\t\t<div class=\"elementor-column elementor-col-100 elementor-top-column elementor-element elementor-element-37c75618\" data-id=\"37c75618\" data-element_type=\"column\">\n\t\t\t<div class=\"elementor-widget-wrap elementor-element-populated\">\n\t\t\t\t\t\t<div class=\"elementor-element elementor-element-d3772f8 animated-fast elementor-invisible elementor-widget elementor-widget-heading\" data-id=\"d3772f8\" data-element_type=\"widget\" data-settings=\"{&quot;_animation&quot;:&quot;fadeInUp&quot;}\" data-widget_type=\"heading.default\">\n\t\t\t\t<div class=\"elementor-widget-container\">\n\t\t\t\t\t<h1 class=\"elementor-heading-title elementor-size-default\">Aviso legal<\/h1>\t\t\t\t<\/div>\n\t\t\t\t<\/div>\n\t\t\t\t<div class=\"elementor-element elementor-element-60ac51ba elementor-align-center elementor-invisible elementor-widget elementor-widget-button\" data-id=\"60ac51ba\" data-element_type=\"widget\" data-settings=\"{&quot;_animation&quot;:&quot;fadeInUp&quot;}\" data-widget_type=\"button.default\">\n\t\t\t\t<div class=\"elementor-widget-container\">\n\t\t\t\t\t\t\t\t\t<div class=\"elementor-button-wrapper\">\n\t\t\t\t\t<a class=\"elementor-button elementor-button-link elementor-size-sm elementor-animation-grow\" href=\"https:\/\/avvocatibarcellona.com\/es\/#contatto\">\n\t\t\t\t\t\t<span class=\"elementor-button-content-wrapper\">\n\t\t\t\t\t\t\t\t\t<span class=\"elementor-button-text\">Contacto<\/span>\n\t\t\t\t\t<\/span>\n\t\t\t\t\t<\/a>\n\t\t\t\t<\/div>\n\t\t\t\t\t\t\t\t<\/div>\n\t\t\t\t<\/div>\n\t\t\t\t\t<\/div>\n\t\t<\/div>\n\t\t\t\t\t<\/div>\n\t\t<\/section>\n\t\t\t\t<section class=\"elementor-section elementor-top-section elementor-element elementor-element-24d39b6d elementor-section-boxed elementor-section-height-default elementor-section-height-default\" data-id=\"24d39b6d\" data-element_type=\"section\">\n\t\t\t\t\t\t<div class=\"elementor-container elementor-column-gap-default\">\n\t\t\t\t\t<div class=\"elementor-column elementor-col-100 elementor-top-column elementor-element elementor-element-69f3250f\" data-id=\"69f3250f\" data-element_type=\"column\">\n\t\t\t<div class=\"elementor-widget-wrap elementor-element-populated\">\n\t\t\t\t\t\t<div class=\"elementor-element elementor-element-356b9426 elementor-widget elementor-widget-text-editor\" data-id=\"356b9426\" data-element_type=\"widget\" data-widget_type=\"text-editor.default\">\n\t\t\t\t<div class=\"elementor-widget-container\">\n\t\t\t\t\t\t\t\t\t<p><b>AVISO LEGAL<\/b><\/p><p>www.avvocatibarcellona.com sitio web, pone a disposici\u00f3n de los usuarios el presente documento, con el que pretende dar cumplimiento a las obligaciones dispuestas en la Ley 34\/2002, de 11 de julio, de Servicios de la Sociedad de la Informaci\u00f3n y de Comercio Electr\u00f3nico (LSSICE), BOE N \u00ba 166, as\u00ed como informar a todos los usuarios de las condiciones de uso del portal web.<\/p><p>Toda persona que acceda a este sitio web asume la condici\u00f3n de usuario, e implica la aceptaci\u00f3n de los t\u00e9rminos incluidos en este Aviso Legal.<\/p><p><b>1.- DATOS IDENTIFICATIVOS<\/b><\/p><p>Nombre de dominio: www.avvocatibarcellona.com<\/p><p>Denominaci\u00f3n social: B&amp;M Legal Advice, SL : CIF B01648955<\/p><p>Domicilio social: C. de Balmes, 188, 08006 Barcelona<\/p><p>Tel\u00e9fono: 677071711<\/p><p>E-mail: marberenguer@icab.es<\/p><p>Iscritti all\u2019Ordine Avvocati Barcellona.<\/p><p><b>2.- ACCESO AL SITIO WEB<\/b><\/p><p>El acceso al Sitio Web es gratuito salvo en lo relativo al coste de la conexi\u00f3n a trav\u00e9s de la red de telecomunicaciones suministrada por el proveedor de acceso contratado por el Usuario.<\/p><p>B&amp;M Legal Advice, SL se reserva el derecho de modificar cualquier tipo de informaci\u00f3n que pudiera aparecer en el sitio web, sin que exista obligaci\u00f3n de preavisar o poner en conocimiento de los usuarios dichas modificaciones, entendi\u00e9ndose como suficiente con la publicaci\u00f3n en el sitio web :\u00a0 www.avvocatibarcellona.com<\/p><p><b>3.- CONDICIONES GENERALES DE USO DE LA WEB<\/b><\/p><p>En la utilizaci\u00f3n de la Web, el Usuario se compromete a no llevar a cabo ninguna conducta que pudiera da\u00f1ar la imagen, los intereses y los derechos de B&amp;M Legal Advice, SLo de terceros o que pudiera da\u00f1ar, inutilizar, o que impidiera, de cualquier forma, la normal utilizaci\u00f3n de la Web.<\/p><p>B&amp;M Legal Advice, SL adopta medidas de seguridad razonablemente adecuadas para detectar la existencia de virus. No obstante, el Usuario debe ser consciente de que las medidas de seguridad de los sistemas inform\u00e1ticos en Internet no son enteramente fiables y que, por tanto, B&amp;M Legal Advice, SL no puede garantizar la inexistencia de virus u otros elementos que puedan producir alteraciones en los sistemas inform\u00e1ticos (software y hardware) del Usuario o en sus documentos electr\u00f3nicos y ficheros contenidos en los mismos<\/p><p><b>4.- DERECHOS DE PROPIEDAD INTELECTUAL E INDUSTRIAL<\/b><\/p><p>El sitio web, incluyendo a t\u00edtulo enunciativo pero no limitativo su programaci\u00f3n, edici\u00f3n, compilaci\u00f3n y dem\u00e1s elementos necesarios para su funcionamiento, los dise\u00f1os, logotipos, texto y\/o gr\u00e1ficos, son propiedad del B&amp;M Legal Advice, SL o, si es el caso, dispone de licencia o autorizaci\u00f3n expresa por parte de los autores. Todos los contenidos del sitio web se encuentran debidamente protegidos por la normativa de propiedad intelectual e industrial, as\u00ed como inscritos en los registros p\u00fablicos correspondientes.<\/p><p>Independientemente de la finalidad para la que fueran destinados, la reproducci\u00f3n total o parcial, uso, explotaci\u00f3n, distribuci\u00f3n y comercializaci\u00f3n, requiere en todo caso de la autorizaci\u00f3n escrita previa por parte de B&amp;M Legal Advice, SL. Cualquier uso no autorizado previamente se considera un incumplimiento grave de los derechos de propiedad intelectual o industrial del autor.<\/p><p>Para realizar cualquier tipo de observaci\u00f3n respecto a posibles incumplimientos de los derechos de propiedad intelectual o industrial, as\u00ed como sobre cualquiera de los contenidos del sitio web, puede hacerlo a trav\u00e9s del correo electr\u00f3nico\u00a0 marberenguer@icab.es<\/p><p><b>5.- EXENCI\u00d3N DE RESPONSABILIDADES<\/b><\/p><p>B&amp;M Legal Advice, SL se reserva el derecho a interrumpir el acceso a su sitio Web, as\u00ed como la prestaci\u00f3n de cualquiera o de todos los contenidos que se ofrecen a trav\u00e9s de la misma en cualquier momento y sin previo aviso, ya sea por motivos t\u00e9cnicos, de seguridad, de control, de mantenimiento o por cualquier otra causa. Consecuentemente,B&amp;M Legal Advice, SL no garantiza la fiabilidad, la disponibilidad ni la continuidad de su Sitio Web ni de los contenidos que en ella se ofrecen, por lo que el acceso a dicha web y a sus contenidos por parte del Usuario es por su propia cuenta y riesgo.<\/p><p><b>6.- HIPERENLACES<\/b><\/p><p>Queda expresamente prohibida la introducci\u00f3n de hiperenlaces o dispositivos t\u00e9cnicos de enlace (por ejemplo links, banners o botones) con fines mercantiles en p\u00e1ginas web ajenas a B&amp;M Legal Advice, SL. En todo caso, cualquier tipo de enlace deber\u00e1 obtener el consentimiento previo y escrito de B&amp;M Legal Advice, SL.<\/p><p>No obstante lo anterior, la existencia de tales hiperenlaces, no implicar\u00e1, en ning\u00fan caso, la existencia de relaciones comerciales o mercantiles con B&amp;M Legal Advice, SL, ni la aceptaci\u00f3n de sus contenidos o servicios.<\/p><p>En todo caso, B&amp;M Legal Advice, SL se reserva el derecho de prohibir o inutilizar en cualquier momento cualquier hiperenlace o dispositivo t\u00e9cnico de enlace (p. e. links, banners o botones) a su sitio web, especialmente, en los supuestos de ilicitud de la actividad o contenidos del sitio web en que se incluye el hiperenlace o en el dispositivo t\u00e9cnico de enlace.<\/p><p><b>7.- LEY APLICABLE Y JURISDICCI\u00d3N<\/b><\/p><p>Estas Condiciones Generales se rigen por la ley com\u00fan espa\u00f1ola y cualquier conflicto se someter\u00e1 por las partes por los jueces y tribunales de la ciudad de Barcelona.<\/p><p><b>NOTIFICACIONES<\/b><\/p><p>En caso de que cualquier Usuario tuviese alguna duda acerca de estas Condiciones Generales o cualquier comentario sobre la Web, por favor dir\u00edjase a\u00a0 marberenguer@icab.es<\/p><p>Copyright 2020 B&amp;M Legal Advice, SL. Prohibida su reproducci\u00f3n total o parcial. Reservados todos los derechos.<\/p>\t\t\t\t\t\t\t\t<\/div>\n\t\t\t\t<\/div>\n\t\t\t\t\t<\/div>\n\t\t<\/div>\n\t\t\t\t\t<\/div>\n\t\t<\/section>\n\t\t\t\t<\/div>","protected":false},"excerpt":{"rendered":"<p>Aviso legal Contatto AVISO LEGAL www.avvocatibarcellona.com sitio web, pone a disposici\u00f3n de los usuarios el presente documento, con el que pretende dar cumplimiento a las obligaciones dispuestas en la Ley 34\/2002, de 11 de julio, de Servicios de la Sociedad de la Informaci\u00f3n y de Comercio Electr\u00f3nico (LSSICE), BOE N \u00ba 166, as\u00ed como informar [&hellip;]<\/p>","protected":false},"author":1,"featured_media":0,"parent":0,"menu_order":0,"comment_status":"closed","ping_status":"closed","template":"","meta":{"footnotes":""},"class_list":["post-608","page","type-page","status-publish","hentry"],"yoast_head":"<!-- This site is optimized with the Yoast SEO Premium plugin v20.1 (Yoast SEO v26.8) - https:\/\/yoast.com\/product\/yoast-seo-premium-wordpress\/ -->\n<title>Aviso legal | Avvocati Barcelona<\/title>\n<meta name=\"robots\" content=\"index, follow, max-snippet:-1, max-image-preview:large, max-video-preview:-1\" \/>\n<link rel=\"canonical\" href=\"https:\/\/avvocatibarcellona.com\/es\/aviso-legal-2\/\" \/>\n<meta property=\"og:locale\" content=\"es_ES\" \/>\n<meta property=\"og:type\" content=\"article\" \/>\n<meta property=\"og:title\" content=\"Aviso legal\" \/>\n<meta property=\"og:description\" content=\"Aviso legal Contatto AVISO LEGAL www.avvocatibarcellona.com sitio web, pone a disposici\u00f3n de los usuarios el presente documento, con el que pretende dar cumplimiento a las obligaciones dispuestas en la Ley 34\/2002, de 11 de julio, de Servicios de la Sociedad de la Informaci\u00f3n y de Comercio Electr\u00f3nico (LSSICE), BOE N \u00ba 166, as\u00ed como informar [&hellip;]\" \/>\n<meta property=\"og:url\" content=\"https:\/\/avvocatibarcellona.com\/es\/aviso-legal-2\/\" \/>\n<meta property=\"og:site_name\" content=\"Avvocati Barcelona\" \/>\n<meta property=\"article:modified_time\" content=\"2023-02-02T10:47:11+00:00\" \/>\n<meta property=\"og:image\" content=\"https:\/\/avvocatibarcellona.com\/wp-content\/uploads\/2022\/11\/FOTO-WEB-10..enviar-scaled.jpg\" \/>\n\t<meta property=\"og:image:width\" content=\"2560\" \/>\n\t<meta property=\"og:image:height\" content=\"1696\" \/>\n\t<meta property=\"og:image:type\" content=\"image\/jpeg\" \/>\n<meta name=\"twitter:card\" content=\"summary_large_image\" \/>\n<meta name=\"twitter:label1\" content=\"Tiempo de lectura\" \/>\n\t<meta name=\"twitter:data1\" content=\"5 minutos\" \/>\n<script type=\"application\/ld+json\" class=\"yoast-schema-graph\">{\"@context\":\"https:\/\/schema.org\",\"@graph\":[{\"@type\":\"WebPage\",\"@id\":\"https:\/\/avvocatibarcellona.com\/aviso-legal-2\",\"url\":\"https:\/\/avvocatibarcellona.com\/aviso-legal-2\",\"name\":\"Aviso legal | Avvocati Barcelona\",\"isPartOf\":{\"@id\":\"https:\/\/avvocatibarcellona.com\/#website\"},\"datePublished\":\"2022-11-11T09:55:59+00:00\",\"dateModified\":\"2023-02-02T10:47:11+00:00\",\"breadcrumb\":{\"@id\":\"https:\/\/avvocatibarcellona.com\/aviso-legal-2#breadcrumb\"},\"inLanguage\":\"es\",\"potentialAction\":[{\"@type\":\"ReadAction\",\"target\":[\"https:\/\/avvocatibarcellona.com\/aviso-legal-2\"]}]},{\"@type\":\"BreadcrumbList\",\"@id\":\"https:\/\/avvocatibarcellona.com\/aviso-legal-2#breadcrumb\",\"itemListElement\":[{\"@type\":\"ListItem\",\"position\":1,\"name\":\"Portada\",\"item\":\"https:\/\/avvocatibarcellona.com\/\"},{\"@type\":\"ListItem\",\"position\":2,\"name\":\"Aviso legal\"}]},{\"@type\":\"WebSite\",\"@id\":\"https:\/\/avvocatibarcellona.com\/#website\",\"url\":\"https:\/\/avvocatibarcellona.com\/\",\"name\":\"Avvocati Barcelona\",\"description\":\"Assistenza Legale ai cittadini e alle imprese italiane in Spagna\",\"publisher\":{\"@id\":\"https:\/\/avvocatibarcellona.com\/#organization\"},\"alternateName\":\"Ordine avvocati barcellona\",\"potentialAction\":[{\"@type\":\"SearchAction\",\"target\":{\"@type\":\"EntryPoint\",\"urlTemplate\":\"https:\/\/avvocatibarcellona.com\/?s={search_term_string}\"},\"query-input\":{\"@type\":\"PropertyValueSpecification\",\"valueRequired\":true,\"valueName\":\"search_term_string\"}}],\"inLanguage\":\"es\"},{\"@type\":\"Organization\",\"@id\":\"https:\/\/avvocatibarcellona.com\/#organization\",\"name\":\"Avvocati Barcelona\",\"url\":\"https:\/\/avvocatibarcellona.com\/\",\"logo\":{\"@type\":\"ImageObject\",\"inLanguage\":\"es\",\"@id\":\"https:\/\/avvocatibarcellona.com\/#\/schema\/logo\/image\/\",\"url\":\"https:\/\/avvocatibarcellona.com\/wp-content\/uploads\/2022\/11\/berenguermollon_white.png\",\"contentUrl\":\"https:\/\/avvocatibarcellona.com\/wp-content\/uploads\/2022\/11\/berenguermollon_white.png\",\"width\":1600,\"height\":1023,\"caption\":\"Avvocati Barcelona\"},\"image\":{\"@id\":\"https:\/\/avvocatibarcellona.com\/#\/schema\/logo\/image\/\"}}]}<\/script>\n<!-- \/ Yoast SEO Premium plugin. -->","yoast_head_json":{"title":"Aviso legal | Avvocati Barcelona","robots":{"index":"index","follow":"follow","max-snippet":"max-snippet:-1","max-image-preview":"max-image-preview:large","max-video-preview":"max-video-preview:-1"},"canonical":"https:\/\/avvocatibarcellona.com\/es\/aviso-legal-2\/","og_locale":"es_ES","og_type":"article","og_title":"Aviso legal","og_description":"Aviso legal Contatto AVISO LEGAL www.avvocatibarcellona.com sitio web, pone a disposici\u00f3n de los usuarios el presente documento, con el que pretende dar cumplimiento a las obligaciones dispuestas en la Ley 34\/2002, de 11 de julio, de Servicios de la Sociedad de la Informaci\u00f3n y de Comercio Electr\u00f3nico (LSSICE), BOE N \u00ba 166, as\u00ed como informar [&hellip;]","og_url":"https:\/\/avvocatibarcellona.com\/es\/aviso-legal-2\/","og_site_name":"Avvocati Barcelona","article_modified_time":"2023-02-02T10:47:11+00:00","og_image":[{"width":2560,"height":1696,"url":"https:\/\/avvocatibarcellona.com\/wp-content\/uploads\/2022\/11\/FOTO-WEB-10..enviar-scaled.jpg","type":"image\/jpeg"}],"twitter_card":"summary_large_image","twitter_misc":{"Tiempo de lectura":"5 minutos"},"schema":{"@context":"https:\/\/schema.org","@graph":[{"@type":"WebPage","@id":"https:\/\/avvocatibarcellona.com\/aviso-legal-2","url":"https:\/\/avvocatibarcellona.com\/aviso-legal-2","name":"Aviso legal | Avvocati Barcelona","isPartOf":{"@id":"https:\/\/avvocatibarcellona.com\/#website"},"datePublished":"2022-11-11T09:55:59+00:00","dateModified":"2023-02-02T10:47:11+00:00","breadcrumb":{"@id":"https:\/\/avvocatibarcellona.com\/aviso-legal-2#breadcrumb"},"inLanguage":"es","potentialAction":[{"@type":"ReadAction","target":["https:\/\/avvocatibarcellona.com\/aviso-legal-2"]}]},{"@type":"BreadcrumbList","@id":"https:\/\/avvocatibarcellona.com\/aviso-legal-2#breadcrumb","itemListElement":[{"@type":"ListItem","position":1,"name":"Portada","item":"https:\/\/avvocatibarcellona.com\/"},{"@type":"ListItem","position":2,"name":"Aviso legal"}]},{"@type":"WebSite","@id":"https:\/\/avvocatibarcellona.com\/#website","url":"https:\/\/avvocatibarcellona.com\/","name":"Avvocati Barcelona","description":"Assistenza Legale ai cittadini e alle imprese italiane in Spagna","publisher":{"@id":"https:\/\/avvocatibarcellona.com\/#organization"},"alternateName":"Ordine avvocati barcellona","potentialAction":[{"@type":"SearchAction","target":{"@type":"EntryPoint","urlTemplate":"https:\/\/avvocatibarcellona.com\/?s={search_term_string}"},"query-input":{"@type":"PropertyValueSpecification","valueRequired":true,"valueName":"search_term_string"}}],"inLanguage":"es"},{"@type":"Organization","@id":"https:\/\/avvocatibarcellona.com\/#organization","name":"Avvocati Barcelona","url":"https:\/\/avvocatibarcellona.com\/","logo":{"@type":"ImageObject","inLanguage":"es","@id":"https:\/\/avvocatibarcellona.com\/#\/schema\/logo\/image\/","url":"https:\/\/avvocatibarcellona.com\/wp-content\/uploads\/2022\/11\/berenguermollon_white.png","contentUrl":"https:\/\/avvocatibarcellona.com\/wp-content\/uploads\/2022\/11\/berenguermollon_white.png","width":1600,"height":1023,"caption":"Avvocati Barcelona"},"image":{"@id":"https:\/\/avvocatibarcellona.com\/#\/schema\/logo\/image\/"}}]}},"_links":{"self":[{"href":"https:\/\/avvocatibarcellona.com\/es\/wp-json\/wp\/v2\/pages\/608","targetHints":{"allow":["GET"]}}],"collection":[{"href":"https:\/\/avvocatibarcellona.com\/es\/wp-json\/wp\/v2\/pages"}],"about":[{"href":"https:\/\/avvocatibarcellona.com\/es\/wp-json\/wp\/v2\/types\/page"}],"author":[{"embeddable":true,"href":"https:\/\/avvocatibarcellona.com\/es\/wp-json\/wp\/v2\/users\/1"}],"replies":[{"embeddable":true,"href":"https:\/\/avvocatibarcellona.com\/es\/wp-json\/wp\/v2\/comments?post=608"}],"version-history":[{"count":16,"href":"https:\/\/avvocatibarcellona.com\/es\/wp-json\/wp\/v2\/pages\/608\/revisions"}],"predecessor-version":[{"id":950,"href":"https:\/\/avvocatibarcellona.com\/es\/wp-json\/wp\/v2\/pages\/608\/revisions\/950"}],"wp:attachment":[{"href":"https:\/\/avvocatibarcellona.com\/es\/wp-json\/wp\/v2\/media?parent=608"}],"curies":[{"name":"wp","href":"https:\/\/api.w.org\/{rel}","templated":true}]}}